{"id":8,"date":"2025-10-10T12:51:42","date_gmt":"2025-10-10T09:51:42","guid":{"rendered":"https:\/\/avcilargunlukkiralikev.com\/?page_id=8"},"modified":"2025-10-20T13:26:36","modified_gmt":"2025-10-20T10:26:36","slug":"avcilar-gunluk-kiralik-ev","status":"publish","type":"page","link":"https:\/\/avcilargunlukkiralikev.com\/","title":{"rendered":"Avc\u0131lar G\u00fcnl\u00fck Kiral\u0131k Ev"},"content":{"rendered":"\n\n\n<div class=\"wp-block-columns is-layout-flex wp-container-core-columns-is-layout-28f84493 wp-block-columns-is-layout-flex\">\n<div class=\"wp-block-column is-layout-flow wp-block-column-is-layout-flow\">\n<h2 class=\"wp-block-heading\">Avc\u0131lar G\u00fcnl\u00fck Kiral\u0131k Evler<\/h2>\n\n\n\n<p><strong><em>Avc\u0131lar g\u00fcnl\u00fck kiral\u0131k ev<\/em><\/strong>lerde y\u0131llar\u0131n getirmi\u015f oldu\u011fu g\u00fcvenilirlik ile kendinizi evinizde gibi hissedece\u011finiz hijyenik, ferah ve g\u00fczel bir \u00e7ok yerimiz emrinize amade.<\/p>\n\n\n\n<p><strong><em>M\u00fckemmel bir konaklama deneyimi&#8230;<\/em><\/strong><\/p>\n\n\n\n<p>Evlerimizde s\u00fcrekli <strong>S\u0131cak Su, Klima, \u0130kraml\u0131klar<\/strong> ile konaklama deneyiminizi m\u00fckemmel hale getiriyoruz.<\/p>\n<\/div>\n\n\n\n<div class=\"wp-block-column is-layout-flow wp-block-column-is-layout-flow\">\n<figure class=\"wp-block-image size-full\"><img loading=\"lazy\" decoding=\"async\" width=\"500\" height=\"370\" src=\"https:\/\/avcilargunlukkiralikev.com\/wp-content\/uploads\/2025\/10\/avcilar-gunluk-kiralik-ev.webp\" alt=\"\" class=\"wp-image-26\" srcset=\"https:\/\/avcilargunlukkiralikev.com\/wp-content\/uploads\/2025\/10\/avcilar-gunluk-kiralik-ev.webp 500w, https:\/\/avcilargunlukkiralikev.com\/wp-content\/uploads\/2025\/10\/avcilar-gunluk-kiralik-ev-300x222.webp 300w\" sizes=\"auto, (max-width: 500px) 100vw, 500px\" \/><\/figure>\n<\/div>\n<\/div>\n\n\n\n<figure class=\"wp-block-image size-large\"><img loading=\"lazy\" decoding=\"async\" width=\"1024\" height=\"84\" src=\"https:\/\/avcilargunlukkiralikev.com\/wp-content\/uploads\/2025\/10\/avcilar-gunluk-kiralik-ev-internet-1024x84.webp\" alt=\"\" class=\"wp-image-28\" srcset=\"https:\/\/avcilargunlukkiralikev.com\/wp-content\/uploads\/2025\/10\/avcilar-gunluk-kiralik-ev-internet-1024x84.webp 1024w, https:\/\/avcilargunlukkiralikev.com\/wp-content\/uploads\/2025\/10\/avcilar-gunluk-kiralik-ev-internet-300x25.webp 300w, https:\/\/avcilargunlukkiralikev.com\/wp-content\/uploads\/2025\/10\/avcilar-gunluk-kiralik-ev-internet-768x63.webp 768w, https:\/\/avcilargunlukkiralikev.com\/wp-content\/uploads\/2025\/10\/avcilar-gunluk-kiralik-ev-internet-1536x126.webp 1536w, https:\/\/avcilargunlukkiralikev.com\/wp-content\/uploads\/2025\/10\/avcilar-gunluk-kiralik-ev-internet-1140x94.webp 1140w, https:\/\/avcilargunlukkiralikev.com\/wp-content\/uploads\/2025\/10\/avcilar-gunluk-kiralik-ev-internet.webp 1645w\" sizes=\"auto, (max-width: 1024px) 100vw, 1024px\" \/><\/figure>\n\n\n\n<hr class=\"wp-block-separator has-alpha-channel-opacity is-style-dots\"\/>\n\n\n\n<p><strong>S\u0131n\u0131rs\u0131z \u0130nternet Ba\u011flant\u0131m\u0131z ile<\/strong> \u0130ster Telefonunuzdan \u0130sterseniz de Ak\u0131ll\u0131 Televizyonlar\u0131m\u0131zdan s\u0131n\u0131rs\u0131z e\u011flencenin keyfini \u00e7\u0131karmaya ba\u015flay\u0131n&#8230;<\/p>\n\n\n\n<p class=\"has-text-align-center\"><strong><mark style=\"background-color:rgba(0, 0, 0, 0)\" class=\"has-inline-color has-vivid-green-cyan-color\">Whatsapp \u00dczerinden <a style=\"font-weight: bold;\" href=\"https:\/\/wa.me\/905322018922?text=BU G\u00dcN GELMEY\u0130 PLANLIYORUZ 2 K\u0130\u015e\u0130Y\u0130Z VE 3 SAAT KALMAYI PLANLIYORUZ F\u0130YATINIZ NED\u0130R\" target=\"_blank\" rel=\"noreferrer noopener\">\u0130leti\u015fim i\u00e7in BURAYA TIKLAYIN!<\/a><\/mark><\/strong>  <\/p>\n\n\n\n<p class=\"has-text-align-center\">Telefon ile Konu\u015farak Bilgi Almak i\u00e7in Numaray\u0131 T\u0131klay\u0131n!<a href=\"tel:+905322018922\">+90 532 201 8922<\/a><\/p>\n\n\n\n<hr class=\"wp-block-separator has-alpha-channel-opacity is-style-dots\"\/>\n\n\n\n<div class=\"wp-block-columns is-layout-flex wp-container-core-columns-is-layout-28f84493 wp-block-columns-is-layout-flex\">\n<div class=\"wp-block-column is-layout-flow wp-block-column-is-layout-flow\">\n<figure class=\"wp-block-image size-full\"><img loading=\"lazy\" decoding=\"async\" width=\"500\" height=\"370\" src=\"https:\/\/avcilargunlukkiralikev.com\/wp-content\/uploads\/2025\/10\/avcilar-gunluk-kiralik-ev-hijyenik-ve-ekonomik-konaklama.webp\" alt=\"\" class=\"wp-image-30\" srcset=\"https:\/\/avcilargunlukkiralikev.com\/wp-content\/uploads\/2025\/10\/avcilar-gunluk-kiralik-ev-hijyenik-ve-ekonomik-konaklama.webp 500w, https:\/\/avcilargunlukkiralikev.com\/wp-content\/uploads\/2025\/10\/avcilar-gunluk-kiralik-ev-hijyenik-ve-ekonomik-konaklama-300x222.webp 300w\" sizes=\"auto, (max-width: 500px) 100vw, 500px\" \/><\/figure>\n<\/div>\n\n\n\n<div class=\"wp-block-column is-layout-flow wp-block-column-is-layout-flow\">\n<h3 class=\"wp-block-heading\">Avc\u0131lar G\u00fcnl\u00fck Kiral\u0131k Ev Hijyenik ve Uygun Fiyatl\u0131 Konaklama<\/h3>\n\n\n\n<p>Avc\u0131lar B\u00f6lgesinde Hijyenik ve Uygun fiyatl\u0131 konaklama sundu\u011fumuz i\u00e7in misafirlerimiz taraf\u0131ndan y\u0131llard\u0131r tercih edilme nedeniyiz.<\/p>\n\n\n\n<p><strong>600 tl den ba\u015flayan<\/strong> konaklama fiyatlar\u0131m\u0131zdan faydalanmak i\u00e7in hemen ileti\u015fime ge\u00e7iniz. Ayr\u0131cal\u0131kl\u0131 hissedece\u011finiz bu deneyimi \u015fimdi ya\u015famaya ba\u015flay\u0131n&#8230;<\/p>\n<\/div>\n<\/div>\n\n\n\n<h3 class=\"wp-block-heading has-text-align-center\"><mark style=\"background-color:rgba(0, 0, 0, 0)\" class=\"has-inline-color has-vivid-red-color\">\u0130BB SOSYAL TES\u0130SLER METROB\u00dcS DURA\u011eINA Y\u00dcR\u00dcME 5 DAK\u0130KA MESAFEDE M\u00dcKEMMEL KONUMDA<\/mark><\/h3>\n\n\n\n<hr class=\"wp-block-separator has-alpha-channel-opacity is-style-dots\"\/>\n\n\n\n<p class=\"has-text-align-center\"><strong>Uzun s\u00fcreli konaklamalar\u0131n\u0131z i\u00e7in Mutfakl\u0131 veya Mutfaks\u0131z Ev Se\u00e7eneklerimiz ile her an hizmetinizdeyiz.<\/strong><\/p>\n\n\n\n<p class=\"has-text-align-center\"><strong><mark style=\"background-color:rgba(0, 0, 0, 0)\" class=\"has-inline-color has-vivid-green-cyan-color\">Whatsapp \u00dczerinden <a style=\"font-weight: bold;\" href=\"https:\/\/wa.me\/905322018922?text=BU G\u00dcN GELMEY\u0130 PLANLIYORUZ 2 K\u0130\u015e\u0130Y\u0130Z VE 3 SAAT KALMAYI PLANLIYORUZ F\u0130YATINIZ NED\u0130R\" target=\"_blank\" rel=\"noreferrer noopener\">\u0130leti\u015fim i\u00e7in BURAYA TIKLAYIN!<\/a><\/mark><\/strong>  <\/p>\n\n\n\n<p class=\"has-text-align-center\">Telefon ile Konu\u015farak Bilgi Almak i\u00e7in Numaray\u0131 T\u0131klay\u0131n!<a href=\"tel:+905322018922\">+90 532 201 8922<\/a><\/p>\n\n\n\n<hr class=\"wp-block-separator has-alpha-channel-opacity is-style-dots\"\/>\n\n\n\n<h2 class=\"wp-block-heading has-text-align-center\">Avc\u0131lar G\u00fcnl\u00fck Kiral\u0131k Daire<\/h2>\n\n\n\n<div class=\"wp-block-columns is-layout-flex wp-container-core-columns-is-layout-28f84493 wp-block-columns-is-layout-flex\">\n<div class=\"wp-block-column is-layout-flow wp-block-column-is-layout-flow\">\n<figure class=\"wp-block-image size-full\"><img loading=\"lazy\" decoding=\"async\" width=\"500\" height=\"370\" src=\"https:\/\/avcilargunlukkiralikev.com\/wp-content\/uploads\/2025\/10\/avcilar-guluk-kiralik-daire.webp\" alt=\"\" class=\"wp-image-50\" srcset=\"https:\/\/avcilargunlukkiralikev.com\/wp-content\/uploads\/2025\/10\/avcilar-guluk-kiralik-daire.webp 500w, https:\/\/avcilargunlukkiralikev.com\/wp-content\/uploads\/2025\/10\/avcilar-guluk-kiralik-daire-300x222.webp 300w\" sizes=\"auto, (max-width: 500px) 100vw, 500px\" \/><\/figure>\n<\/div>\n\n\n\n<div class=\"wp-block-column is-layout-flow wp-block-column-is-layout-flow\">\n<p><strong><em>Avc\u0131lar G\u00fcnl\u00fck Kiral\u0131k Daire<\/em><\/strong> Metrob\u00fcse 5 dakika y\u00fcr\u00fcme mesafesinde. Rahat temiz ve g\u00fcvenilir konaklama hizmeti ile 2012 y\u0131l\u0131ndan beri en \u00e7ok tercih edilen G\u00fcnl\u00fck Kiral\u0131k Daireler.<\/p>\n\n\n\n<p>E\u015fsiz G\u00f6l Manzaras\u0131, Konforlu yataklar, s\u0131n\u0131rs\u0131z internet ile arad\u0131\u011f\u0131n\u0131z rahatl\u0131\u011f\u0131 size sunuyoruz.<\/p>\n\n\n\n<p><strong>Avc\u0131lar G\u00fcnl\u00fck Kiral\u0131k Daire<\/strong> de Marka<\/p>\n\n\n\n<p>Fiyatlar\u0131m\u0131z ve di\u011fer detaylar i\u00e7in bizimle ileti\u015fime ge\u00e7in&#8230; \u00c7ok seveceksiniz k\u0131sa s\u00fcrede favori mekan\u0131n\u0131z olacak.<\/p>\n<\/div>\n<\/div>\n\n\n\n<p><\/p>\n","protected":false},"excerpt":{"rendered":"<p>Avc\u0131lar G\u00fcnl\u00fck Kiral\u0131k Evler Avc\u0131lar g\u00fcnl\u00fck kiral\u0131k evlerde y\u0131llar\u0131n getirmi\u015f oldu\u011fu g\u00fcvenilirlik ile kendinizi evinizde gibi hissedece\u011finiz hijyenik, ferah ve g\u00fczel bir \u00e7ok yerimiz emrinize amade. M\u00fckemmel bir konaklama deneyimi&#8230; Evlerimizde s\u00fcrekli S\u0131cak Su, Klima, \u0130kraml\u0131klar ile konaklama deneyiminizi m\u00fckemmel hale getiriyoruz. S\u0131n\u0131rs\u0131z \u0130nternet Ba\u011flant\u0131m\u0131z ile \u0130ster Telefonunuzdan \u0130sterseniz de Ak\u0131ll\u0131 Televizyonlar\u0131m\u0131zdan s\u0131n\u0131rs\u0131z e\u011flencenin keyfini \u00e7\u0131karmaya ba\u015flay\u0131n&#8230; Whatsapp \u00dczerinden \u0130leti\u015fim i\u00e7in BURAYA TIKLAYIN! Telefon ile Konu\u015farak Bilgi Almak i\u00e7in Numaray\u0131 T\u0131klay\u0131n!+90 532 201 8922 Avc\u0131lar G\u00fcnl\u00fck Kiral\u0131k Ev Hijyenik ve Uygun Fiyatl\u0131 Konaklama Avc\u0131lar B\u00f6lgesinde Hijyenik ve Uygun fiyatl\u0131 konaklama sundu\u011fumuz i\u00e7in misafirlerimiz taraf\u0131ndan y\u0131llard\u0131r tercih edilme nedeniyiz. 600 tl den ba\u015flayan konaklama fiyatlar\u0131m\u0131zdan faydalanmak i\u00e7in hemen ileti\u015fime ge\u00e7iniz. Ayr\u0131cal\u0131kl\u0131 hissedece\u011finiz bu deneyimi \u015fimdi ya\u015famaya ba\u015flay\u0131n&#8230; \u0130BB SOSYAL TES\u0130SLER METROB\u00dcS DURA\u011eINA Y\u00dcR\u00dcME 5 DAK\u0130KA MESAFEDE M\u00dcKEMMEL KONUMDA Uzun s\u00fcreli konaklamalar\u0131n\u0131z i\u00e7in Mutfakl\u0131 veya Mutfaks\u0131z Ev Se\u00e7eneklerimiz ile her an hizmetinizdeyiz. Whatsapp \u00dczerinden \u0130leti\u015fim i\u00e7in BURAYA TIKLAYIN! Telefon ile Konu\u015farak Bilgi Almak i\u00e7in Numaray\u0131 T\u0131klay\u0131n!+90 532 201 8922 Avc\u0131lar G\u00fcnl\u00fck Kiral\u0131k Daire Avc\u0131lar G\u00fcnl\u00fck Kiral\u0131k Daire Metrob\u00fcse 5 dakika y\u00fcr\u00fcme mesafesinde. Rahat temiz ve g\u00fcvenilir konaklama hizmeti ile 2012 y\u0131l\u0131ndan beri en \u00e7ok tercih edilen G\u00fcnl\u00fck Kiral\u0131k Daireler. E\u015fsiz G\u00f6l Manzaras\u0131, Konforlu yataklar, s\u0131n\u0131rs\u0131z internet ile arad\u0131\u011f\u0131n\u0131z rahatl\u0131\u011f\u0131 size sunuyoruz. Avc\u0131lar G\u00fcnl\u00fck Kiral\u0131k Daire de Marka Fiyatlar\u0131m\u0131z ve di\u011fer detaylar i\u00e7in bizimle ileti\u015fime ge\u00e7in&#8230; \u00c7ok seveceksiniz k\u0131sa s\u00fcrede favori mekan\u0131n\u0131z olacak.<\/p>\n","protected":false},"author":1,"featured_media":0,"parent":0,"menu_order":0,"comment_status":"closed","ping_status":"closed","template":"","meta":{"footnotes":""},"class_list":["post-8","page","type-page","status-publish","hentry"],"_links":{"self":[{"href":"https:\/\/avcilargunlukkiralikev.com\/index.php\/wp-json\/wp\/v2\/pages\/8","targetHints":{"allow":["GET"]}}],"collection":[{"href":"https:\/\/avcilargunlukkiralikev.com\/index.php\/wp-json\/wp\/v2\/pages"}],"about":[{"href":"https:\/\/avcilargunlukkiralikev.com\/index.php\/wp-json\/wp\/v2\/types\/page"}],"author":[{"embeddable":true,"href":"https:\/\/avcilargunlukkiralikev.com\/index.php\/wp-json\/wp\/v2\/users\/1"}],"replies":[{"embeddable":true,"href":"https:\/\/avcilargunlukkiralikev.com\/index.php\/wp-json\/wp\/v2\/comments?post=8"}],"version-history":[{"count":27,"href":"https:\/\/avcilargunlukkiralikev.com\/index.php\/wp-json\/wp\/v2\/pages\/8\/revisions"}],"predecessor-version":[{"id":56,"href":"https:\/\/avcilargunlukkiralikev.com\/index.php\/wp-json\/wp\/v2\/pages\/8\/revisions\/56"}],"wp:attachment":[{"href":"https:\/\/avcilargunlukkiralikev.com\/index.php\/wp-json\/wp\/v2\/media?parent=8"}],"curies":[{"name":"wp","href":"https:\/\/api.w.org\/{rel}","templated":true}]}}