{"id":57,"date":"2025-10-20T13:26:57","date_gmt":"2025-10-20T10:26:57","guid":{"rendered":"https:\/\/avcilargunlukkiralikev.com\/?page_id=57"},"modified":"2025-10-20T13:35:49","modified_gmt":"2025-10-20T10:35:49","slug":"iletisim","status":"publish","type":"page","link":"https:\/\/avcilargunlukkiralikev.com\/index.php\/iletisim\/","title":{"rendered":"\u0130leti\u015fim"},"content":{"rendered":"<div class=\"wp-block-image\">\n<figure class=\"aligncenter size-full\"><img loading=\"lazy\" decoding=\"async\" width=\"612\" height=\"408\" src=\"https:\/\/avcilargunlukkiralikev.com\/wp-content\/uploads\/2025\/10\/iletisim.jpg\" alt=\"\" class=\"wp-image-68\" srcset=\"https:\/\/avcilargunlukkiralikev.com\/wp-content\/uploads\/2025\/10\/iletisim.jpg 612w, https:\/\/avcilargunlukkiralikev.com\/wp-content\/uploads\/2025\/10\/iletisim-300x200.jpg 300w\" sizes=\"auto, (max-width: 612px) 100vw, 612px\" \/><\/figure>\n<\/div>\n\n\n<p>Telefon: +905322018922<\/p>\n\n\n\n<p><strong><mark style=\"background-color:rgba(0, 0, 0, 0)\" class=\"has-inline-color has-vivid-green-cyan-color\">Whatsapp \u00dczerinden <a style=\"font-weight: bold;\" href=\"https:\/\/wa.me\/905322018922?text=BU G\u00dcN GELMEY\u0130 PLANLIYORUZ 2 K\u0130\u015e\u0130Y\u0130Z VE 3 SAAT KALMAYI PLANLIYORUZ F\u0130YATINIZ NED\u0130R\" target=\"_blank\" rel=\"noreferrer noopener\">\u0130leti\u015fim i\u00e7in BURAYA TIKLAYIN!<\/a><\/mark><\/strong><\/p>\n\n\n\n<p>Telefon ile Konu\u015farak Bilgi Almak i\u00e7in Numaray\u0131 T\u0131klay\u0131n!<a href=\"tel:+905322018922\">+90 532 201 8922<\/a><\/p>\n\n\n\n<p>Adres: G\u00fcm\u00fc\u015fpala Mahallesi \u00c7ukur\u00e7e\u015fme Sokak No:5\/1 Avc\u0131lar &#8211; \u0130STANBUL<\/p>\n","protected":false},"excerpt":{"rendered":"<p>Telefon: +905322018922 Whatsapp \u00dczerinden \u0130leti\u015fim i\u00e7in BURAYA TIKLAYIN! Telefon ile Konu\u015farak Bilgi Almak i\u00e7in Numaray\u0131 T\u0131klay\u0131n!+90 532 201 8922 Adres: G\u00fcm\u00fc\u015fpala Mahallesi \u00c7ukur\u00e7e\u015fme Sokak No:5\/1 Avc\u0131lar &#8211; \u0130STANBUL<\/p>\n","protected":false},"author":1,"featured_media":0,"parent":0,"menu_order":0,"comment_status":"closed","ping_status":"closed","template":"","meta":{"footnotes":""},"class_list":["post-57","page","type-page","status-publish","hentry"],"_links":{"self":[{"href":"https:\/\/avcilargunlukkiralikev.com\/index.php\/wp-json\/wp\/v2\/pages\/57","targetHints":{"allow":["GET"]}}],"collection":[{"href":"https:\/\/avcilargunlukkiralikev.com\/index.php\/wp-json\/wp\/v2\/pages"}],"about":[{"href":"https:\/\/avcilargunlukkiralikev.com\/index.php\/wp-json\/wp\/v2\/types\/page"}],"author":[{"embeddable":true,"href":"https:\/\/avcilargunlukkiralikev.com\/index.php\/wp-json\/wp\/v2\/users\/1"}],"replies":[{"embeddable":true,"href":"https:\/\/avcilargunlukkiralikev.com\/index.php\/wp-json\/wp\/v2\/comments?post=57"}],"version-history":[{"count":4,"href":"https:\/\/avcilargunlukkiralikev.com\/index.php\/wp-json\/wp\/v2\/pages\/57\/revisions"}],"predecessor-version":[{"id":70,"href":"https:\/\/avcilargunlukkiralikev.com\/index.php\/wp-json\/wp\/v2\/pages\/57\/revisions\/70"}],"wp:attachment":[{"href":"https:\/\/avcilargunlukkiralikev.com\/index.php\/wp-json\/wp\/v2\/media?parent=57"}],"curies":[{"name":"wp","href":"https:\/\/api.w.org\/{rel}","templated":true}]}}